{"id":1140,"date":"2015-07-28T10:03:26","date_gmt":"2015-07-28T10:03:26","guid":{"rendered":"http:\/\/demo.vegatheme.com\/archilight\/?page_id=375"},"modified":"2016-01-31T12:45:29","modified_gmt":"2016-01-31T12:45:29","slug":"form-line-main","status":"publish","type":"page","link":"http:\/\/form-line.pl\/index.php\/form-line-main\/","title":{"rendered":"Form Line main"},"content":{"rendered":"<p>[vc_row fullwidth=&#8221;yes&#8221; el_id=&#8221;home&#8221;][vc_column][rev_slider_vc alias=&#8221;homelight&#8221;][\/vc_column][\/vc_row][vc_row css=&#8221;.vc_custom_1438587532215{padding-top: 90px !important;padding-bottom: 90px !important;}&#8221; el_id=&#8221;services&#8221;][vc_column animate=&#8221;fadeinup&#8221;]\t\n\t<h1 style=\"text-align: center;\" > Co robimy<\/h1>\t\n\t<div class=\"separator\"><span><i class=\"fa fa-circle\"><\/i><\/span><\/div>\n\t<div class=\"spacer-single\"><\/div>\t      \n[\/vc_column][vc_column width=&#8221;1\/3&#8243; animate=&#8221;fadeinleft&#8221;]\t\n\t<h3 style=\"text-align: left;\" > <b>MEBLE <\/b>KUCHENNE<\/h3>\t\n[vc_column_text css=&#8221;.vc_custom_1454243285667{margin-top: 0px !important;}&#8221;]Kuchnia to jedno z najwa\u017cniejszych oraz najbardziej eksploatowanych miejsc w ka\u017cdym domu czy mieszkaniu. Z tego powodu meble kuchenne musz\u0105 by\u0107 nie tylko pi\u0119kne, ale tak\u017ce bardzo funkcjonalne i trwa\u0142e. W ka\u017cdym projekcie najwa\u017cniejsze jest dla nas zadowolenie klienta. Nasze kilkuletnie do\u015bwiadczenie oraz zadowoleni klienci, potwierdzaj\u0105, \u017ce nawet po latach u\u017cytkowania wykonanej przez nas kuchni nadal zachowuje ona swoje walory.[\/vc_column_text][vc_single_image image=&#8221;565&#8243; img_size=&#8221;full&#8221;][\/vc_column][vc_column width=&#8221;1\/3&#8243; animate=&#8221;fadeinup&#8221;]\t\n\t<h3 style=\"text-align: left;\" > <b>SZAFY<\/b> WN\u0118KOWE<\/h3>\t\n[vc_column_text css=&#8221;.vc_custom_1454243313546{margin-top: 0px !important;}&#8221;]Jest to nowoczesne i wygodne rozwi\u0105zanie problemu efektywnego zagospodarowania przestrzeni. Dzi\u0119ki odpowiedniej budowie mo\u017cna j\u0105 wkomponowa\u0107 w praktycznie dowoln\u0105 przestrze\u0144 naszego domu lub mieszkania. Du\u017ce mo\u017cliwo\u015bci aran\u017cacji wn\u0119trza szafy pozwalaj\u0105 na dostosowanie jej pod indywidualne potrzeby ka\u017cdego klienta. Szafy wn\u0119kowe s\u0105 coraz cz\u0119\u015bciej spotykane w sypialniach, garderobach czy w przedpokojach.[\/vc_column_text][vc_single_image image=&#8221;566&#8243; img_size=&#8221;full&#8221;][\/vc_column][vc_column width=&#8221;1\/3&#8243; animate=&#8221;fadinright&#8221;]\t\n\t<h3 style=\"text-align: left;\" > <b>MEBLE<\/b> NA WYMIAR<\/h3>\t\n[vc_column_text css=&#8221;.vc_custom_1454243345591{margin-top: 0px !important;}&#8221;]Wykonujemy tak\u017ce wszelkiego rodzaju meble na wymiar. Do ka\u017cdego projektu staramy si\u0119 podej\u015b\u0107 indywidualnie tak, aby pom\u00f3c naszym klientom urz\u0105dzi\u0107 mieszkanie lub dom w spos\u00f3b w pe\u0142ni dostosowany do indywidualnych preferencji. Bez wzgl\u0119du na to czy b\u0119dzie to sypialnia, kuchnia, garderoba, czy biuro wykonane przez nas meble b\u0119d\u0105 odznacza\u0107 si\u0119 wieloletni\u0105 trwa\u0142o\u015bci\u0105, doskona\u0142\u0105 funkcjonalno\u015bci\u0105 i wygl\u0105dem.[\/vc_column_text][vc_single_image image=&#8221;567&#8243; img_size=&#8221;full&#8221;][\/vc_column][\/vc_row][vc_row css=&#8221;.vc_custom_1439438008186{padding-top: 90px !important;padding-bottom: 90px !important;background-image: url(http:\/\/demo.vegatheme.com\/archilight\/wp-content\/uploads\/2015\/07\/bg-21.jpg?id=569) !important;background-position: center !important;background-repeat: no-repeat !important;background-size: cover !important;}&#8221; el_id=&#8221;process&#8221; el_class=&#8221;text-light&#8221;][vc_column animate=&#8221;fadeinup&#8221;]\t\n\t<h1 style=\"text-align: center;color: #ffffff;\" > Nasz proces<\/h1>\t\n\t<div class=\"separator\"><span><i class=\"fa fa-circle\"><\/i><\/span><\/div>\n\t<div class=\"spacer-single\"><\/div>\t      \n[\/vc_column][vc_column]\n    <div class=\"de_tab tab_steps\">\n        <ul class=\"de_nav\">\n                    <li class=\"active wow fadeIn\" data-wow-delay=\"0s\"><span>Poznanie wymaga\u0144<\/span><div class=\"v-border\"><\/div>\n            <\/li>\n            \n                    <li class=\" wow fadeIn\" data-wow-delay=\"0.4s\"><span>Projektowanie<\/span><div class=\"v-border\"><\/div>\n            <\/li>\n            \n                    <li class=\" wow fadeIn\" data-wow-delay=\"0.8s\"><span>Wykonanie i monta\u017c<\/span><div class=\"v-border\"><\/div>\n            <\/li>\n            \n                <\/ul>\n\n        <div class=\"de_tab_content\">\n        \n            <div id=\"tab1\">\n                <p>Do ka\u017cdego z naszych projekt\u00f3w podchodzimy indywidualnie. Pierwszy krok to zawsze indywidualne spotkanie z klientem w celu poznania potrzeb i preferencji. Staramy si\u0119 tu tak\u017ce wspom\u00f3c klienta tak aby dokonany wyb\u00f3r by\u0142 atrakcyjny zar\u00f3wno pod wzgl\u0119dem estetycznym i funkcjonalnym jak i cenowym. Nasze do\u015bwiadczenie pozwala nam na zaproponowanie optymalnych rozwi\u0105za\u0144.<\/p>\n            <\/div>\n\n        \n            <div id=\"tab2\">\n                <p>Kolejny krok to indywidualny projekt. Zebrane podczas pierwszego etapu informacje pozwalaj\u0105 nam na zaproponowanie kilku rozwi\u0105za\u0144 z kt\u00f3rych klient wybiera projekt najbardziej spe\u0142niaj\u0105cy jego wymagania. Wyniki naszej pracy przedstawiamy z wykorzystaniem program\u00f3w do projektowania tak aby na ekranie komputera mo\u017cna by\u0142o zobaczy\u0107 ka\u017cdy detal. Indywidualne podej\u015bcie pozwala na realizacj\u0119 projektu niepowtarzanego i wymarzonego projektu ka\u017cdego klienta. Dopiero po akceptacji przyst\u0119pujemy do kolejnego etapu.<\/p>\n            <\/div>\n\n        \n            <div id=\"tab3\">\n                <p>Ostatni krok to wykonanie i monta\u017c opracowanego projektu. Nasze du\u017ce do\u015bwiadczenie oraz wykfalifikowani pracownicy pozwalaj\u0105 na zachowanie wysokiej jako\u015bci wykonanych przez nas mebli.<\/p>\n            <\/div>\n\n        \n        <\/div>\n    \n    <\/div>\n\n\t\t<div class=\"separator\"><span><i class=\"fa fa-circle\"><\/i><\/span><\/div>\n\t<div class=\"spacer-single\"><\/div>\t      \n[\/vc_column][\/vc_row][vc_row el_id=&#8221;project&#8221;][vc_column]        \n\t\t<div class=\"container\">\n\t        <!-- portfolio filter begin -->\n\t        <div class=\"row\">\n\t            <div class=\"col-md-12 text-center\">\n\t                <ul id=\"filters\" class=\"wow fadeInUp\" data-wow-delay=\"0s\">\n\t                \t<li><a href=\"#\" data-filter=\"*\" class=\"selected\">Projekty<\/a><\/li>                    \n\t                    \t\t                  <li><a href=\"#\" data-filter=\".meble-kuchenne\">Meble kuchenne<\/a><\/li>\n\t\t                \t\t                  <li><a href=\"#\" data-filter=\".meble-na-wymiar\">Meble na wymiar<\/a><\/li>\n\t\t                \t\t                  <li><a href=\"#\" data-filter=\".szafy-wnekowe\">Szafy wn\u0119kowe<\/a><\/li>\n\t\t                                   \n\t                <\/ul>\n\t            <\/div>\n\t        <\/div>\n\t        <!-- portfolio filter close -->\n        <\/div>\n\n        <div id=\"gallery\" class=\"row grid_gallery gallery de-gallery wow fadeInUp\" data-wow-delay=\".3s\">\t\n\t                     \n            <!-- gallery item -->\n            <div class=\"col-md-3 item meble-kuchenne \">\n                <div class=\"picframe\">\n                    <a class=\"image-popup-gallery\" title=\"Meble kuchenne\" href=\"http:\/\/form-line.pl\/wp-content\/uploads\/2016\/11\/NIK_7505.jpg\">\n                        <span class=\"overlay\">\n                            <span class=\"pf_text\">\n                                <span class=\"project-name\">Meble kuchenne<\/span>\n                            <\/span>\n                        <\/span>\n                    <\/a>\n                                        <img src=\"http:\/\/form-line.pl\/wp-content\/uploads\/bfi_thumb\/NIK_7505-32qn6u6vt9c1ukv69vnif4.jpg\" alt=\"\">\n                <\/div>\n            <\/div>\n            <!-- close gallery item -->\n                        \n            <!-- gallery item -->\n            <div class=\"col-md-3 item meble-kuchenne \">\n                <div class=\"picframe\">\n                    <a class=\"image-popup-gallery\" title=\"Meble kuchenne\" href=\"http:\/\/form-line.pl\/wp-content\/uploads\/2016\/11\/NIK_1851.jpg\">\n                        <span class=\"overlay\">\n                            <span class=\"pf_text\">\n                                <span class=\"project-name\">Meble kuchenne<\/span>\n                            <\/span>\n                        <\/span>\n                    <\/a>\n                                        <img src=\"http:\/\/form-line.pl\/wp-content\/uploads\/bfi_thumb\/NIK_1851-32qn6o18kx7to7ageflds0.jpg\" alt=\"\">\n                <\/div>\n            <\/div>\n            <!-- close gallery item -->\n                        \n            <!-- gallery item -->\n            <div class=\"col-md-3 item meble-kuchenne \">\n                <div class=\"picframe\">\n                    <a class=\"image-popup-gallery\" title=\"Meble kuchenne\" href=\"http:\/\/form-line.pl\/wp-content\/uploads\/2016\/11\/kuchnia2.jpg\">\n                        <span class=\"overlay\">\n                            <span class=\"pf_text\">\n                                <span class=\"project-name\">Meble kuchenne<\/span>\n                            <\/span>\n                        <\/span>\n                    <\/a>\n                                        <img src=\"http:\/\/form-line.pl\/wp-content\/uploads\/bfi_thumb\/kuchnia2-32qn68gc8n4h26qcn0o2rk.jpg\" alt=\"\">\n                <\/div>\n            <\/div>\n            <!-- close gallery item -->\n                        \n            <!-- gallery item -->\n            <div class=\"col-md-3 item meble-na-wymiar \">\n                <div class=\"picframe\">\n                    <a class=\"image-popup-gallery\" title=\"Meble\" href=\"http:\/\/form-line.pl\/wp-content\/uploads\/2016\/01\/formline011.jpg\">\n                        <span class=\"overlay\">\n                            <span class=\"pf_text\">\n                                <span class=\"project-name\">Meble<\/span>\n                            <\/span>\n                        <\/span>\n                    <\/a>\n                                        <img src=\"http:\/\/form-line.pl\/wp-content\/uploads\/bfi_thumb\/formline011-30sfccbqz8h3pzhasxrh1c.jpg\" alt=\"\">\n                <\/div>\n            <\/div>\n            <!-- close gallery item -->\n                        \n            <!-- gallery item -->\n            <div class=\"col-md-3 item meble-kuchenne \">\n                <div class=\"picframe\">\n                    <a class=\"image-popup-gallery\" title=\"Meble kuchenne\" href=\"http:\/\/form-line.pl\/wp-content\/uploads\/2016\/03\/formline006.jpg\">\n                        <span class=\"overlay\">\n                            <span class=\"pf_text\">\n                                <span class=\"project-name\">Meble kuchenne<\/span>\n                            <\/span>\n                        <\/span>\n                    <\/a>\n                                        <img src=\"http:\/\/form-line.pl\/wp-content\/uploads\/bfi_thumb\/formline006-311xdj0fax2gyv3l2765fk.jpg\" alt=\"\">\n                <\/div>\n            <\/div>\n            <!-- close gallery item -->\n                        \n            <!-- gallery item -->\n            <div class=\"col-md-3 item szafy-wnekowe \">\n                <div class=\"picframe\">\n                    <a class=\"image-popup-gallery\" title=\"Szafa\" href=\"http:\/\/form-line.pl\/wp-content\/uploads\/2016\/01\/formline029.jpg\">\n                        <span class=\"overlay\">\n                            <span class=\"pf_text\">\n                                <span class=\"project-name\">Szafa<\/span>\n                            <\/span>\n                        <\/span>\n                    <\/a>\n                                        <img src=\"http:\/\/form-line.pl\/wp-content\/uploads\/bfi_thumb\/formline029-30sffspw0w5j20ge4islxc.jpg\" alt=\"\">\n                <\/div>\n            <\/div>\n            <!-- close gallery item -->\n                        \n            <!-- gallery item -->\n            <div class=\"col-md-3 item meble-kuchenne \">\n                <div class=\"picframe\">\n                    <a class=\"image-popup-gallery\" title=\"Meble kuchenne\" href=\"http:\/\/form-line.pl\/wp-content\/uploads\/2016\/03\/formline033.jpg\">\n                        <span class=\"overlay\">\n                            <span class=\"pf_text\">\n                                <span class=\"project-name\">Meble kuchenne<\/span>\n                            <\/span>\n                        <\/span>\n                    <\/a>\n                                        <img src=\"http:\/\/form-line.pl\/wp-content\/uploads\/bfi_thumb\/formline033-311xcpcwpva13exu5rjeo0.jpg\" alt=\"\">\n                <\/div>\n            <\/div>\n            <!-- close gallery item -->\n                        \n            <!-- gallery item -->\n            <div class=\"col-md-3 item meble-kuchenne \">\n                <div class=\"picframe\">\n                    <a class=\"image-popup-gallery\" title=\"Meble kuchenne\" href=\"http:\/\/form-line.pl\/wp-content\/uploads\/2016\/03\/formline031.jpg\">\n                        <span class=\"overlay\">\n                            <span class=\"pf_text\">\n                                <span class=\"project-name\">Meble kuchenne<\/span>\n                            <\/span>\n                        <\/span>\n                    <\/a>\n                                        <img src=\"http:\/\/form-line.pl\/wp-content\/uploads\/bfi_thumb\/formline031-311xcbsdu9poy6bok7klc0.jpg\" alt=\"\">\n                <\/div>\n            <\/div>\n            <!-- close gallery item -->\n                   <\/div>\n[\/vc_column][\/vc_row][vc_row css=&#8221;.vc_custom_1438588031090{padding-top: 90px !important;padding-bottom: 90px !important;}&#8221;][vc_column animate=&#8221;fadeinup&#8221;]\t\n\t<h1 style=\"text-align: center;\" > Fakty<\/h1>\t\n\t<div class=\"separator\"><span><i class=\"fa fa-circle\"><\/i><\/span><\/div>\n\t<div class=\"spacer-single\"><\/div>\t      \n[\/vc_column][vc_column width=&#8221;1\/3&#8243;]\n\t<div class=\"de_count\">\n        <i class=\"icon-calendar wow zoomIn\" data-wow-delay=\"0\"><\/i>\n        <h3 class=\"timer\" data-to=\"3\" data-speed=\"2500\">0<\/h3>\n        <span>LATA DZIA\u0141ALNO\u015aCI<\/span>\n    <\/div>\n\n[\/vc_column][vc_column width=&#8221;1\/3&#8243;]\n\t<div class=\"de_count\">\n        <i class=\"icon-happy wow zoomIn\" data-wow-delay=\"0\"><\/i>\n        <h3 class=\"timer\" data-to=\"310\" data-speed=\"2500\">0<\/h3>\n        <span>ZADOWOLONYCH KLIENT\u00d3W<\/span>\n    <\/div>\n\n[\/vc_column][vc_column width=&#8221;1\/3&#8243;]\n\t<div class=\"de_count\">\n        <i class=\"icon-tools wow zoomIn\" data-wow-delay=\"0\"><\/i>\n        <h3 class=\"timer\" data-to=\"400\" data-speed=\"2500\">0<\/h3>\n        <span>ZAKO\u0143CZONYCH PROJEKT\u00d3W<\/span>\n    <\/div>\n\n[\/vc_column][\/vc_row][vc_row fullwidth=&#8221;yes&#8221; el_id=&#8221;contact&#8221;][vc_column]    \t \n    <div id=\"map\" style=\"height: 500px;\"><\/div>\n\t\n\t<script src=\"https:\/\/maps.googleapis.com\/maps\/api\/js?v=3\"><\/script>\n    <script type=\"text\/javascript\">\t\n\t(function($) {\n    \"use strict\"\n    $(document).ready(function(){\n        \n        var locations = [\n\t\t\t['<div class=\"infobox\"><span><span><\/div>', 51.696533, 17.967763, 2]\n        ];\n\t\n\t\tvar map = new google.maps.Map(document.getElementById('map'), {\n\t\t  zoom: 10,\n\t\t\tscrollwheel: false,\n\t\t\tnavigationControl: true,\n\t\t\tmapTypeControl: false,\n\t\t\tscaleControl: false,\n\t\t\tdraggable: true,\n\t\t\t\n\t\t\tstyles: [{\"stylers\":[{\"hue\":\"#ff1a00\"},{\"invert_lightness\":true},{\"saturation\":-100},{\"lightness\":33},{\"gamma\":0.5}]},{\"featureType\":\"water\",\"elementType\":\"geometry\",\"stylers\":[{\"color\":\"#2D333C\"}]}],\n\t\t\tcenter: new google.maps.LatLng(51.696533, 17.967763),\n\t\t  mapTypeId: google.maps.MapTypeId.ROADMAP\n\t\t});\n\t\n\t\tvar infowindow = new google.maps.InfoWindow();\n\t\n\t\tvar marker, i;\n\t\n\t\tfor (i = 0; i < locations.length; i++) {  \n\t  \n\t\t\tmarker = new google.maps.Marker({ \n\t\t\tposition: new google.maps.LatLng(locations[i][1], locations[i][2]), \n\t\t\tmap: map ,\n\t\t\ticon: '',\n\t\t\ttitle: ''\n\t\t\t});\n\t\t\n\t\t  google.maps.event.addListener(marker, (function(marker, i) {\n\t\t\treturn function() {\n\t\t\t  infowindow.setContent(locations[i][0]);\n\t\t\t  infowindow.open(map, marker);\n\t\t\t}\n\t\t  })(marker, i));\n\t\t}\n        \n        });\n\n    })(jQuery);   \t\n   \t<\/script>\n[\/vc_column][\/vc_row]<\/p>\n","protected":false},"excerpt":{"rendered":"<p>[vc_row fullwidth=&#8221;yes&#8221; el_id=&#8221;home&#8221;][vc_column][rev_slider_vc alias=&#8221;homelight&#8221;][\/vc_column][\/vc_row][vc_row css=&#8221;.vc_custom_1438587532215{padding-top: 90px !important;padding-bottom: 90px !important;}&#8221; el_id=&#8221;services&#8221;][vc_column animate=&#8221;fadeinup&#8221;][\/vc_column][vc_column width=&#8221;1\/3&#8243; animate=&#8221;fadeinleft&#8221;][vc_column_text css=&#8221;.vc_custom_1454243285667{margin-top: 0px !important;}&#8221;]Kuchnia to jedno z najwa\u017cniejszych oraz najbardziej eksploatowanych miejsc w ka\u017cdym domu czy mieszkaniu. Z tego powodu meble kuchenne musz\u0105 by\u0107 nie tylko pi\u0119kne, ale tak\u017ce bardzo funkcjonalne i trwa\u0142e. W ka\u017cdym projekcie najwa\u017cniejsze jest dla nas zadowolenie klienta. Nasze [&hellip;]<\/p>\n","protected":false},"author":1,"featured_media":0,"parent":0,"menu_order":0,"comment_status":"open","ping_status":"open","template":"page-templates\/template-onepage.php","meta":[],"_links":{"self":[{"href":"http:\/\/form-line.pl\/index.php\/wp-json\/wp\/v2\/pages\/1140"}],"collection":[{"href":"http:\/\/form-line.pl\/index.php\/wp-json\/wp\/v2\/pages"}],"about":[{"href":"http:\/\/form-line.pl\/index.php\/wp-json\/wp\/v2\/types\/page"}],"author":[{"embeddable":true,"href":"http:\/\/form-line.pl\/index.php\/wp-json\/wp\/v2\/users\/1"}],"replies":[{"embeddable":true,"href":"http:\/\/form-line.pl\/index.php\/wp-json\/wp\/v2\/comments?post=1140"}],"version-history":[{"count":4,"href":"http:\/\/form-line.pl\/index.php\/wp-json\/wp\/v2\/pages\/1140\/revisions"}],"predecessor-version":[{"id":1522,"href":"http:\/\/form-line.pl\/index.php\/wp-json\/wp\/v2\/pages\/1140\/revisions\/1522"}],"wp:attachment":[{"href":"http:\/\/form-line.pl\/index.php\/wp-json\/wp\/v2\/media?parent=1140"}],"curies":[{"name":"wp","href":"https:\/\/api.w.org\/{rel}","templated":true}]}}