{"id":1280,"date":"2015-07-24T03:26:17","date_gmt":"2015-07-24T03:26:17","guid":{"rendered":"http:\/\/demo.vegatheme.com\/archi\/?page_id=141"},"modified":"2015-07-24T03:26:17","modified_gmt":"2015-07-24T03:26:17","slug":"homepage-revolution-slider","status":"publish","type":"page","link":"http:\/\/form-line.pl\/index.php\/homepage-revolution-slider\/","title":{"rendered":"Homepage Revolution Slider"},"content":{"rendered":"<p>[vc_row fullwidth=&#8221;yes&#8221;][vc_column][rev_slider_vc alias=&#8221;home1&#8243;][\/vc_column][\/vc_row][vc_row css=&#8221;.vc_custom_1438575257462{padding-top: 90px !important;padding-bottom: 90px !important;}&#8221;][vc_column animate=&#8221;fadeinup&#8221;]\t\n\t<h1 style=\"text-align: center;\" > WHAT WE DO<\/h1>\t\n\t<div class=\"separator\"><span><i class=\"fa fa-circle\"><\/i><\/span><\/div>\n\t<div class=\"spacer-single\"><\/div>\t      \n[\/vc_column][vc_column width=&#8221;1\/3&#8243; animate=&#8221;fadeinleft&#8221;]\t\n\t<h3 style=\"\" > <b>Residential<\/b> Design<\/h3>\t\n[vc_column_text css=&#8221;.vc_custom_1437708758726{margin-bottom: 30px !important;}&#8221;]Sed ut perspiciatis unde omnis iste natus error sit voluptatem accusantium doloremque laudantium, totam rem aperiam, eaque ipsa quae ab illo inventore veritatis et quasi architecto beatae vitae dicta sunt explicabo. Nemo enim ipsam voluptatem quia voluptas sit aspernatur aut odit aut fugit, sed quia[\/vc_column_text][vc_single_image image=&#8221;137&#8243; img_size=&#8221;full&#8221;][\/vc_column][vc_column width=&#8221;1\/3&#8243; animate=&#8221;fadeinup&#8221;]\t\n\t<h3 style=\"\" > <b>Residential<\/b> Design<\/h3>\t\n[vc_column_text css=&#8221;.vc_custom_1437708758726{margin-bottom: 30px !important;}&#8221;]Sed ut perspiciatis unde omnis iste natus error sit voluptatem accusantium doloremque laudantium, totam rem aperiam, eaque ipsa quae ab illo inventore veritatis et quasi architecto beatae vitae dicta sunt explicabo. Nemo enim ipsam voluptatem quia voluptas sit aspernatur aut odit aut fugit, sed quia[\/vc_column_text][vc_single_image image=&#8221;144&#8243; img_size=&#8221;full&#8221;][\/vc_column][vc_column width=&#8221;1\/3&#8243; animate=&#8221;fadinright&#8221;]\t\n\t<h3 style=\"\" > <b>Residential<\/b> Design<\/h3>\t\n[vc_column_text css=&#8221;.vc_custom_1437708758726{margin-bottom: 30px !important;}&#8221;]Sed ut perspiciatis unde omnis iste natus error sit voluptatem accusantium doloremque laudantium, totam rem aperiam, eaque ipsa quae ab illo inventore veritatis et quasi architecto beatae vitae dicta sunt explicabo. Nemo enim ipsam voluptatem quia voluptas sit aspernatur aut odit aut fugit, sed quia[\/vc_column_text][vc_single_image image=&#8221;145&#8243; img_size=&#8221;full&#8221;][\/vc_column][\/vc_row][vc_row css=&#8221;.vc_custom_1438049333883{padding-top: 90px !important;padding-bottom: 90px !important;background-image: url(http:\/\/demo.vegatheme.com\/archi\/side-navigation\/wp-content\/uploads\/sites\/2\/2015\/07\/bg-2.jpg?id=149) !important;background-position: center !important;background-repeat: no-repeat !important;background-size: cover !important;}&#8221;][vc_column animate=&#8221;fadeinup&#8221;]\t\n\t<h1 style=\"text-align: center;color: #ffffff;\" > OUR PROCESS<\/h1>\t\n\t<div class=\"separator\"><span><i class=\"fa fa-circle\"><\/i><\/span><\/div>\n\t<div class=\"spacer-single\"><\/div>\t      \n[\/vc_column][vc_column]\n    <div class=\"de_tab tab_steps\">\n        <ul class=\"de_nav\">\n                    <li class=\"active wow fadeIn\" data-wow-delay=\"0s\"><span>Poznanie wymaga\u0144<\/span><div class=\"v-border\"><\/div>\n            <\/li>\n            \n                    <li class=\" wow fadeIn\" data-wow-delay=\"0.4s\"><span>Projektowanie<\/span><div class=\"v-border\"><\/div>\n            <\/li>\n            \n                    <li class=\" wow fadeIn\" data-wow-delay=\"0.8s\"><span>Wykonanie i monta\u017c<\/span><div class=\"v-border\"><\/div>\n            <\/li>\n            \n                <\/ul>\n\n        <div class=\"de_tab_content\">\n        \n            <div id=\"tab1\">\n                <p>Do ka\u017cdego z naszych projekt\u00f3w podchodzimy indywidualnie. Pierwszy krok to zawsze indywidualne spotkanie z klientem w celu poznania potrzeb i preferencji. Staramy si\u0119 tu tak\u017ce wspom\u00f3c klienta tak aby dokonany wyb\u00f3r by\u0142 atrakcyjny zar\u00f3wno pod wzgl\u0119dem estetycznym i funkcjonalnym jak i cenowym. Nasze do\u015bwiadczenie pozwala nam na zaproponowanie optymalnych rozwi\u0105za\u0144.<\/p>\n            <\/div>\n\n        \n            <div id=\"tab2\">\n                <p>Kolejny krok to indywidualny projekt. Zebrane podczas pierwszego etapu informacje pozwalaj\u0105 nam na zaproponowanie kilku rozwi\u0105za\u0144 z kt\u00f3rych klient wybiera projekt najbardziej spe\u0142niaj\u0105cy jego wymagania. Wyniki naszej pracy przedstawiamy z wykorzystaniem program\u00f3w do projektowania tak aby na ekranie komputera mo\u017cna by\u0142o zobaczy\u0107 ka\u017cdy detal. Indywidualne podej\u015bcie pozwala na realizacj\u0119 projektu niepowtarzanego i wymarzonego projektu ka\u017cdego klienta. Dopiero po akceptacji przyst\u0119pujemy do kolejnego etapu.<\/p>\n            <\/div>\n\n        \n            <div id=\"tab3\">\n                <p>Ostatni krok to wykonanie i monta\u017c opracowanego projektu. Nasze du\u017ce do\u015bwiadczenie oraz wykfalifikowani pracownicy pozwalaj\u0105 na zachowanie wysokiej jako\u015bci wykonanych przez nas mebli.<\/p>\n            <\/div>\n\n        \n        <\/div>\n    \n    <\/div>\n\n\t[\/vc_column][\/vc_row][vc_row fullwidth=&#8221;yes&#8221; css=&#8221;.vc_custom_1438576639940{padding-top: 30px !important;}&#8221;][vc_column]  \n\n\t<div class=\"container\">\n    \t<!-- portfolio filter begin -->\n\t    <div class=\"row\">\n\t        <div class=\"col-md-12 text-center\">\n\t            <ul id=\"filters\" class=\"wow fadeInUp\" data-wow-delay=\"0s\">\n\t            \t<li><a href=\"#\" data-filter=\"*\" class=\"selected\">ALL PROJECT<\/a><\/li>                    \n\t                \t                  <li><a href=\"#\" data-filter=\".meble-kuchenne\">Meble kuchenne<\/a><\/li>\n\t                \t                  <li><a href=\"#\" data-filter=\".meble-na-wymiar\">Meble na wymiar<\/a><\/li>\n\t                \t                  <li><a href=\"#\" data-filter=\".szafy-wnekowe\">Szafy wn\u0119kowe<\/a><\/li>\n\t                                    \n\t            <\/ul>\n\t        <\/div>\n\t    <\/div>\n    \t<!-- portfolio filter close -->\n    <\/div>\n\n    <div id=\"gallery\" class=\"gallery full-gallery de-gallery pf_full_width  wow fadeInUp\" data-wow-delay=\".3s\">\n                     \n        <!-- gallery item -->\n        <div class=\"item meble-kuchenne \">\n            <div class=\"picframe\">\n                <a class=\"simple-ajax-popup-align-top\" href=\"http:\/\/form-line.pl\/index.php\/portfolio\/meble-kuchenne-18\/\">\n                    <span class=\"overlay\">\n                        <span class=\"pf_text\">\n                            <span class=\"project-name\">Meble kuchenne<\/span>\n                        <\/span>\n                    <\/span>\n                <\/a>\n                                <img src=\"http:\/\/form-line.pl\/wp-content\/uploads\/bfi_thumb\/NIK_7505-32qn6u6uo80z8soxbt4lq8.jpg\" alt=\"\">\n            <\/div>\n        <\/div>\n        <!-- close gallery item -->\n                    \n        <!-- gallery item -->\n        <div class=\"item meble-kuchenne \">\n            <div class=\"picframe\">\n                <a class=\"simple-ajax-popup-align-top\" href=\"http:\/\/form-line.pl\/index.php\/portfolio\/meble-kuchenne-17\/\">\n                    <span class=\"overlay\">\n                        <span class=\"pf_text\">\n                            <span class=\"project-name\">Meble kuchenne<\/span>\n                        <\/span>\n                    <\/span>\n                <\/a>\n                                <img src=\"http:\/\/form-line.pl\/wp-content\/uploads\/bfi_thumb\/NIK_1851-32qn6o17fvwr2f47gd2h34.jpg\" alt=\"\">\n            <\/div>\n        <\/div>\n        <!-- close gallery item -->\n                    \n        <!-- gallery item -->\n        <div class=\"item meble-kuchenne \">\n            <div class=\"picframe\">\n                <a class=\"simple-ajax-popup-align-top\" href=\"http:\/\/form-line.pl\/index.php\/portfolio\/meble-kuchenne-16\/\">\n                    <span class=\"overlay\">\n                        <span class=\"pf_text\">\n                            <span class=\"project-name\">Meble kuchenne<\/span>\n                        <\/span>\n                    <\/span>\n                <\/a>\n                                <img src=\"http:\/\/form-line.pl\/wp-content\/uploads\/bfi_thumb\/kuchnia2-32qn68gb3ltegek3oy562o.jpg\" alt=\"\">\n            <\/div>\n        <\/div>\n        <!-- close gallery item -->\n                    \n        <!-- gallery item -->\n        <div class=\"item meble-na-wymiar \">\n            <div class=\"picframe\">\n                <a class=\"simple-ajax-popup-align-top\" href=\"http:\/\/form-line.pl\/index.php\/portfolio\/meble-13\/\">\n                    <span class=\"overlay\">\n                        <span class=\"pf_text\">\n                            <span class=\"project-name\">Meble<\/span>\n                        <\/span>\n                    <\/span>\n                <\/a>\n                                <img src=\"http:\/\/form-line.pl\/wp-content\/uploads\/bfi_thumb\/formline011-30sfccbpu76147b1uv8kcg.jpg\" alt=\"\">\n            <\/div>\n        <\/div>\n        <!-- close gallery item -->\n                    \n        <!-- gallery item -->\n        <div class=\"item meble-kuchenne \">\n            <div class=\"picframe\">\n                <a class=\"simple-ajax-popup-align-top\" href=\"http:\/\/form-line.pl\/index.php\/portfolio\/meble-kuchenne-15\/\">\n                    <span class=\"overlay\">\n                        <span class=\"pf_text\">\n                            <span class=\"project-name\">Meble kuchenne<\/span>\n                        <\/span>\n                    <\/span>\n                <\/a>\n                                <img src=\"http:\/\/form-line.pl\/wp-content\/uploads\/bfi_thumb\/formline006-311xdj0e5vred2xc44n8qo.jpg\" alt=\"\">\n            <\/div>\n        <\/div>\n        <!-- close gallery item -->\n                    \n        <!-- gallery item -->\n        <div class=\"item szafy-wnekowe \">\n            <div class=\"picframe\">\n                <a class=\"simple-ajax-popup-align-top\" href=\"http:\/\/form-line.pl\/index.php\/portfolio\/szafa-8\/\">\n                    <span class=\"overlay\">\n                        <span class=\"pf_text\">\n                            <span class=\"project-name\">Szafa<\/span>\n                        <\/span>\n                    <\/span>\n                <\/a>\n                                <img src=\"http:\/\/form-line.pl\/wp-content\/uploads\/bfi_thumb\/formline029-30sffspuvuugg8a56g9p8g.jpg\" alt=\"\">\n            <\/div>\n        <\/div>\n        <!-- close gallery item -->\n                    \n        <!-- gallery item -->\n        <div class=\"item meble-kuchenne \">\n            <div class=\"picframe\">\n                <a class=\"simple-ajax-popup-align-top\" href=\"http:\/\/form-line.pl\/index.php\/portfolio\/meble-kuchenne-14\/\">\n                    <span class=\"overlay\">\n                        <span class=\"pf_text\">\n                            <span class=\"project-name\">Meble kuchenne<\/span>\n                        <\/span>\n                    <\/span>\n                <\/a>\n                                <img src=\"http:\/\/form-line.pl\/wp-content\/uploads\/bfi_thumb\/formline033-311xcpcvktyyhmrl7p0hz4.jpg\" alt=\"\">\n            <\/div>\n        <\/div>\n        <!-- close gallery item -->\n                    \n        <!-- gallery item -->\n        <div class=\"item meble-kuchenne \">\n            <div class=\"picframe\">\n                <a class=\"simple-ajax-popup-align-top\" href=\"http:\/\/form-line.pl\/index.php\/portfolio\/meble-kuchenne-13\/\">\n                    <span class=\"overlay\">\n                        <span class=\"pf_text\">\n                            <span class=\"project-name\">Meble kuchenne<\/span>\n                        <\/span>\n                    <\/span>\n                <\/a>\n                                <img src=\"http:\/\/form-line.pl\/wp-content\/uploads\/bfi_thumb\/formline031-311xcbscp8emce5fm51on4.jpg\" alt=\"\">\n            <\/div>\n        <\/div>\n        <!-- close gallery item -->\n           <\/div>\n[\/vc_column][\/vc_row][vc_row fullwidth=&#8221;yes&#8221; css=&#8221;.vc_custom_1442204741977{padding-top: 60px !important;padding-bottom: 60px !important;}&#8221; el_class=&#8221;call-to-action bg-color text-center&#8221;][vc_column]\t\t\t\n\t\n    <a href=\"http:\/\/demo.vegatheme.com\/archi\/projects\/\" class=\"btn btn-line-black btn-big\">VIEW ALL PROJECT<\/a>\n\t\n[\/vc_column][\/vc_row][vc_row css=&#8221;.vc_custom_1437962315096{padding-top: 90px !important;padding-bottom: 90px !important;background-image: url(http:\/\/demo.vegatheme.com\/archi\/side-navigation\/wp-content\/uploads\/sites\/2\/2015\/07\/bg-3.jpg?id=185) !important;}&#8221;][vc_column animate=&#8221;fadeinup&#8221;]\t\n\t<h1 style=\"text-align: center;color: #eceff3;\" > CUSTOMER SAYS<\/h1>\t\n\t<div class=\"separator\"><span><i class=\"fa fa-circle\"><\/i><\/span><\/div>\n\t<div class=\"spacer-single\"><\/div>\t      \n\t\t\n\t<div id=\"testimonial-carousel\" class=\"de_carousel  wow fadeInUp\" data-wow-delay=\".3s\">\n\t    <\/div>\n    <script>\n    \tjQuery(document).ready(function() {\t\t\n\t\t\t'use strict';\n\t\t\tjQuery(\"#testimonial-carousel\").owlCarousel({\n\t\t\t    items : 2,\n\t\t\t\titemsDesktop : [1199,2],\n\t\t\t\titemsDesktopSmall : [980,2],\n\t\t\t    itemsTablet: [768,1],\n\t\t\t    itemsTabletSmall: false,\n\t\t\t    itemsMobile : [479,1],\n\t\t\t    navigation : false,\n\t\t\t\tautoHeight : true,\n\t\t    });\n\t\t});\n    <\/script>\n[\/vc_column][\/vc_row]<\/p>\n","protected":false},"excerpt":{"rendered":"<p>[vc_row fullwidth=&#8221;yes&#8221;][vc_column][rev_slider_vc alias=&#8221;home1&#8243;][\/vc_column][\/vc_row][vc_row css=&#8221;.vc_custom_1438575257462{padding-top: 90px !important;padding-bottom: 90px !important;}&#8221;][vc_column animate=&#8221;fadeinup&#8221;][\/vc_column][vc_column width=&#8221;1\/3&#8243; animate=&#8221;fadeinleft&#8221;][vc_column_text css=&#8221;.vc_custom_1437708758726{margin-bottom: 30px !important;}&#8221;]Sed ut perspiciatis unde omnis iste natus error sit voluptatem accusantium doloremque laudantium, totam rem aperiam, eaque ipsa quae ab illo inventore veritatis et quasi architecto beatae vitae dicta sunt explicabo. Nemo enim ipsam voluptatem quia voluptas sit aspernatur aut odit aut [&hellip;]<\/p>\n","protected":false},"author":1,"featured_media":0,"parent":0,"menu_order":0,"comment_status":"open","ping_status":"open","template":"page-templates\/template-canvas.php","meta":[],"_links":{"self":[{"href":"http:\/\/form-line.pl\/index.php\/wp-json\/wp\/v2\/pages\/1280"}],"collection":[{"href":"http:\/\/form-line.pl\/index.php\/wp-json\/wp\/v2\/pages"}],"about":[{"href":"http:\/\/form-line.pl\/index.php\/wp-json\/wp\/v2\/types\/page"}],"author":[{"embeddable":true,"href":"http:\/\/form-line.pl\/index.php\/wp-json\/wp\/v2\/users\/1"}],"replies":[{"embeddable":true,"href":"http:\/\/form-line.pl\/index.php\/wp-json\/wp\/v2\/comments?post=1280"}],"version-history":[{"count":0,"href":"http:\/\/form-line.pl\/index.php\/wp-json\/wp\/v2\/pages\/1280\/revisions"}],"wp:attachment":[{"href":"http:\/\/form-line.pl\/index.php\/wp-json\/wp\/v2\/media?parent=1280"}],"curies":[{"name":"wp","href":"https:\/\/api.w.org\/{rel}","templated":true}]}}